{"id":119085,"date":"2025-06-04T17:31:19","date_gmt":"2025-06-04T15:31:19","guid":{"rendered":"https:\/\/nafsibeautytherapie.fr\/?page_id=119085"},"modified":"2025-06-04T17:31:19","modified_gmt":"2025-06-04T15:31:19","slug":"concept-2","status":"publish","type":"page","link":"https:\/\/nafsibeautytherapie.fr\/en\/concept-2\/","title":{"rendered":"Concept"},"content":{"rendered":"<div class=\"wpb-content-wrapper\">[vc_section full_width=&#8221;stretch_row&#8221; el_id=&#8221;aboutme&#8221; css=&#8221;.vc_custom_1632589870476{padding-top: 120px !important;background-position: center !important;background-repeat: no-repeat !important;background-size: cover !important;}&#8221;][vc_row css=&#8221;.vc_custom_1632583444096{padding-top: 45px !important;background-position: center !important;background-repeat: no-repeat !important;background-size: cover !important;}&#8221;][vc_column][vc_row_inner el_class=&#8221;contenair&#8221;][vc_column_inner width=&#8221;1\/2&#8243; css=&#8221;.vc_custom_1747839427212{background-image: url(https:\/\/nafsibeautytherapie.fr\/wp-content\/uploads\/2025\/05\/freepik__manequin-fashion-week-ultrafeminine-ultra-beauty-m__43879-scaled.png?id=118908) !important;background-position: center !important;background-repeat: no-repeat !important;background-size: contain !important;}&#8221;][vc_column_text el_id=&#8221;visio&#8221;]ABOUT ME[\/vc_column_text][vc_empty_space height=&#8221;350px&#8221;][\/vc_column_inner][vc_column_inner width=&#8221;1\/2&#8243; css=&#8221;.vc_custom_1632589765980{padding-left: 70px !important;}&#8221;][vc_column_text el_class=&#8221;titlescript&#8221;]Concept<\/p>\n<div id=\"gtx-trans\" style=\"position: absolute; left: 169px; top: 38px;\">\n<div class=\"gtx-trans-icon\"><\/div>\n<\/div>\n[\/vc_column_text][vc_column_text]\n<h2>Enhance your beauty, elevate your excellence<\/h2>\n[\/vc_column_text][vc_column_text]\n<p class=\"p1\"><span class=\"s1\">Nafsi Beauty Therapie<\/span> est n\u00e9e d\u2019une id\u00e9e claire : cr\u00e9er des soins qui r\u00e9pondent aux <span class=\"s1\">standards les plus \u00e9lev\u00e9s de performance et de sensorialit\u00e9<\/span>, sans compromis. Chaque formule est pens\u00e9e pour <span class=\"s1\">r\u00e9v\u00e9ler la beaut\u00e9 naturelle<\/span> de la peau et des cheveux, avec des r\u00e9sultats visibles, une application agr\u00e9able, et une finition soign\u00e9e.<\/p>\n<p class=\"p1\">Derri\u00e8re <span class=\"s1\">Nafsi Beauty Therapie<\/span>, il y a une vision : celle d\u2019une beaut\u00e9 <span class=\"s1\">confiante, pr\u00e9cise, assum\u00e9e<\/span>.<\/p>\n<p class=\"p3\"><span class=\"s2\">Chaque soin s\u2019adresse \u00e0 celles et ceux qui savent ce qu\u2019ils veulent : <\/span>des produits efficaces, agr\u00e9ables \u00e0 utiliser, avec une vraie diff\u00e9rence \u00e0 la cl\u00e9<span class=\"s2\">.<\/span><\/p>\n<p class=\"p1\">Nous s\u00e9lectionnons des <span class=\"s1\">actifs reconnus<\/span>, des <span class=\"s1\">textures \u00e9l\u00e9gantes<\/span>, et des <span class=\"s1\">parfums subtils<\/span>, pour transformer chaque \u00e9tape de soin en un moment de plaisir ma\u00eetris\u00e9.<\/p>\n<p class=\"p1\">Notre approche est exigeante, notre d\u00e9marche est claire : <span class=\"s1\">offrir des soins qui tiennent leurs promesses<\/span>.<\/p>\n<p class=\"p3\">Nafsi Beauty Therapie<span class=\"s2\">, c\u2019est la <\/span>ma\u00eetrise cosm\u00e9tique<span class=\"s2\">, le <\/span>raffinement de la formulation<span class=\"s2\">, et <\/span>l\u2019exigence du r\u00e9sultat<span class=\"s2\">.<\/span><\/p>\n<hr \/>\n[\/vc_column_text][\/vc_column_inner][\/vc_row_inner][\/vc_column][\/vc_row][\/vc_section][vc_section full_width=&#8221;stretch_row&#8221; el_id=&#8221;Bachelor&#8221; css=&#8221;.vc_custom_1619776504138{background-color: #232323 !important;}&#8221;][vc_row el_class=&#8221;container&#8221;][vc_column width=&#8221;1\/2&#8243; el_class=&#8221;white&#8221;][vc_column_text]<img data-recalc-dims=\"1\" loading=\"lazy\" decoding=\"async\" class=\"alignnone size-full wp-image-118910\" src=\"https:\/\/i0.wp.com\/nafsibeautytherapie.fr\/wp-content\/uploads\/2025\/05\/freepik__manequin-fashion-week-ultrafeminine-ultra-beauty-f__43880-scaled.png?resize=1140%2C1995&#038;ssl=1\" alt=\"\" width=\"1140\" height=\"1995\" srcset=\"https:\/\/i0.wp.com\/nafsibeautytherapie.fr\/wp-content\/uploads\/2025\/05\/freepik__manequin-fashion-week-ultrafeminine-ultra-beauty-f__43880-scaled.png?w=1463&amp;ssl=1 1463w, https:\/\/i0.wp.com\/nafsibeautytherapie.fr\/wp-content\/uploads\/2025\/05\/freepik__manequin-fashion-week-ultrafeminine-ultra-beauty-f__43880-scaled.png?resize=171%2C300&amp;ssl=1 171w, https:\/\/i0.wp.com\/nafsibeautytherapie.fr\/wp-content\/uploads\/2025\/05\/freepik__manequin-fashion-week-ultrafeminine-ultra-beauty-f__43880-scaled.png?resize=585%2C1024&amp;ssl=1 585w, https:\/\/i0.wp.com\/nafsibeautytherapie.fr\/wp-content\/uploads\/2025\/05\/freepik__manequin-fashion-week-ultrafeminine-ultra-beauty-f__43880-scaled.png?resize=768%2C1344&amp;ssl=1 768w, https:\/\/i0.wp.com\/nafsibeautytherapie.fr\/wp-content\/uploads\/2025\/05\/freepik__manequin-fashion-week-ultrafeminine-ultra-beauty-f__43880-scaled.png?resize=878%2C1536&amp;ssl=1 878w, https:\/\/i0.wp.com\/nafsibeautytherapie.fr\/wp-content\/uploads\/2025\/05\/freepik__manequin-fashion-week-ultrafeminine-ultra-beauty-f__43880-scaled.png?resize=1170%2C2048&amp;ssl=1 1170w, https:\/\/i0.wp.com\/nafsibeautytherapie.fr\/wp-content\/uploads\/2025\/05\/freepik__manequin-fashion-week-ultrafeminine-ultra-beauty-f__43880-scaled.png?resize=86%2C150&amp;ssl=1 86w, https:\/\/i0.wp.com\/nafsibeautytherapie.fr\/wp-content\/uploads\/2025\/05\/freepik__manequin-fashion-week-ultrafeminine-ultra-beauty-f__43880-scaled.png?resize=900%2C1575&amp;ssl=1 900w\" sizes=\"auto, (max-width: 1140px) 100vw, 1140px\" \/>[\/vc_column_text][\/vc_column][vc_column width=&#8221;1\/2&#8243;][vc_column_text]<img data-recalc-dims=\"1\" loading=\"lazy\" decoding=\"async\" class=\"alignnone size-full wp-image-118964\" src=\"https:\/\/i0.wp.com\/nafsibeautytherapie.fr\/wp-content\/uploads\/2025\/05\/freepik__the-style-is-candid-image-photography-with-natural__71210-scaled.png?resize=1140%2C1995&#038;ssl=1\" alt=\"\" width=\"1140\" height=\"1995\" srcset=\"https:\/\/i0.wp.com\/nafsibeautytherapie.fr\/wp-content\/uploads\/2025\/05\/freepik__the-style-is-candid-image-photography-with-natural__71210-scaled.png?w=1463&amp;ssl=1 1463w, https:\/\/i0.wp.com\/nafsibeautytherapie.fr\/wp-content\/uploads\/2025\/05\/freepik__the-style-is-candid-image-photography-with-natural__71210-scaled.png?resize=171%2C300&amp;ssl=1 171w, https:\/\/i0.wp.com\/nafsibeautytherapie.fr\/wp-content\/uploads\/2025\/05\/freepik__the-style-is-candid-image-photography-with-natural__71210-scaled.png?resize=585%2C1024&amp;ssl=1 585w, https:\/\/i0.wp.com\/nafsibeautytherapie.fr\/wp-content\/uploads\/2025\/05\/freepik__the-style-is-candid-image-photography-with-natural__71210-scaled.png?resize=768%2C1344&amp;ssl=1 768w, https:\/\/i0.wp.com\/nafsibeautytherapie.fr\/wp-content\/uploads\/2025\/05\/freepik__the-style-is-candid-image-photography-with-natural__71210-scaled.png?resize=878%2C1536&amp;ssl=1 878w, https:\/\/i0.wp.com\/nafsibeautytherapie.fr\/wp-content\/uploads\/2025\/05\/freepik__the-style-is-candid-image-photography-with-natural__71210-scaled.png?resize=1170%2C2048&amp;ssl=1 1170w, https:\/\/i0.wp.com\/nafsibeautytherapie.fr\/wp-content\/uploads\/2025\/05\/freepik__the-style-is-candid-image-photography-with-natural__71210-scaled.png?resize=86%2C150&amp;ssl=1 86w, https:\/\/i0.wp.com\/nafsibeautytherapie.fr\/wp-content\/uploads\/2025\/05\/freepik__the-style-is-candid-image-photography-with-natural__71210-scaled.png?resize=900%2C1575&amp;ssl=1 900w\" sizes=\"auto, (max-width: 1140px) 100vw, 1140px\" \/>[\/vc_column_text][\/vc_column][\/vc_row][\/vc_section][vc_section disable_element=&#8221;yes&#8221; el_id=&#8221;work&#8221;][vc_row css=&#8221;.vc_custom_1619973005469{padding-bottom: 90px !important;}&#8221;][vc_column][vc_row_inner el_class=&#8221;contenair&#8221;][vc_column_inner width=&#8221;1\/2&#8243;][vc_column_text]<img data-recalc-dims=\"1\" loading=\"lazy\" decoding=\"async\" class=\"alignnone size-full wp-image-118400\" src=\"https:\/\/i0.wp.com\/nafsibeautytherapie.fr\/wp-content\/uploads\/2025\/04\/Pinterest_Download-5-topaz-upscale-3.5x.png?resize=1140%2C1140&#038;ssl=1\" alt=\"\" width=\"1140\" height=\"1140\" \/>[\/vc_column_text][\/vc_column_inner][vc_column_inner width=&#8221;1\/2&#8243;][vc_column_text el_class=&#8221;whiteblock&#8221;]\n<h1 style=\"text-align: left;\"><strong>Sev Formal<br \/>\nfondatrice de Nafsi Beauty Therapie<\/strong><\/h1>\n<div id=\"gtx-trans\" style=\"position: absolute; left: 138px; top: -1.0625px;\">\n<div class=\"gtx-trans-icon\"><\/div>\n<\/div>\n[\/vc_column_text][vc_column_text]Nafsi Beauty Therapie, fondatrice de GLOWLY PARIS, est une experte internationale reconnue dans l\u2019univers de la beaut\u00e9 et de l\u2019esth\u00e9tique. Titulaire d\u2019un Master en droit et gestion, Sciences du Management et sp\u00e9cialisation en Ressources Humaines, elle a d\u00e9but\u00e9 sa carri\u00e8re comme Directrice des Ressources Humaines avant de se r\u00e9inventer pour poursuivre sa v\u00e9ritable passion : la beaut\u00e9.<\/p>\n<p>Form\u00e9e dans des institutions prestigieuses en France et aux \u00c9tats-Unis et au Br\u00e9sil, Demo est sp\u00e9cialis\u00e9e dans le maquillage professionnel, les tatouages cosm\u00e9tiques et m\u00e9dicaux ainsi que les soins esth\u00e9tiques avanc\u00e9s. Forte de son expertise, elle a su innover en int\u00e9grant des techniques r\u00e9volutionnaires adapt\u00e9es \u00e0 toutes les carnations et tous les types de peaux, faisant de GLOWLY PARIS une r\u00e9f\u00e9rence dans plusieurs pays.<\/p>\n<p>Guid\u00e9e par sa devise, \u00ab L\u2019excellence sinon rien \u00bb, elle met un point d\u2019honneur \u00e0 offrir un service personnalis\u00e9, refl\u00e9tant un engagement in\u00e9branlable envers la qualit\u00e9. En tant qu\u2019Entrepreneure accomplie, elle transmet son savoir-faire \u00e0 travers des formations agr\u00e9\u00e9es, inspirant une nouvelle g\u00e9n\u00e9ration de professionnels dans le monde entier.[\/vc_column_text][\/vc_column_inner][\/vc_row_inner][\/vc_column][\/vc_row][\/vc_section]\n<\/div>","protected":false},"excerpt":{"rendered":"<p>[vc_section full_width=&#8221;stretch_row&#8221; el_id=&#8221;aboutme&#8221; css=&#8221;.vc_custom_1632589870476{padding-top: 120px !important;background-position: center !important;background-repeat: no-repeat !important;background-size: cover !important;}&#8221;][vc_row css=&#8221;.vc_custom_1632583444096{padding-top: 45px !important;background-position: center !important;background-repeat: no-repeat !important;background-size: cover !important;}&#8221;][vc_column][vc_row_inner el_class=&#8221;contenair&#8221;][vc_column_inner width=&#8221;1\/2&#8243; css=&#8221;.vc_custom_1747839427212{background-image: url(https:\/\/nafsibeautytherapie.fr\/wp-content\/uploads\/2025\/05\/freepik__manequin-fashion-week-ultrafeminine-ultra-beauty-m__43879-scaled.png?id=118908) !important;background-position: center !important;background-repeat: no-repeat !important;background-size: contain !important;}&#8221;][vc_column_text el_id=&#8221;visio&#8221;]ABOUT ME[\/vc_column_text][vc_empty_space height=&#8221;350px&#8221;][\/vc_column_inner][vc_column_inner width=&#8221;1\/2&#8243; css=&#8221;.vc_custom_1632589765980{padding-left: 70px !important;}&#8221;][vc_column_text el_class=&#8221;titlescript&#8221;]Concept [\/vc_column_text][vc_column_text] Enhance your beauty, elevate your excellence [\/vc_column_text][vc_column_text] Nafsi Beauty [&hellip;]<\/p>\n","protected":false},"author":1,"featured_media":0,"parent":0,"menu_order":0,"comment_status":"closed","ping_status":"closed","template":"","meta":{"footnotes":""},"class_list":["post-119085","page","type-page","status-publish","hentry"],"acf":[],"yoast_head":"<!-- This site is optimized with the Yoast SEO plugin v24.3 - https:\/\/yoast.com\/wordpress\/plugins\/seo\/ -->\n<title>Concept - NAFSI BEAUTY THERAPIE<\/title>\n<meta name=\"robots\" content=\"index, follow, max-snippet:-1, max-image-preview:large, max-video-preview:-1\" \/>\n<link rel=\"canonical\" href=\"https:\/\/nafsibeautytherapie.fr\/en\/concept-2\/\" \/>\n<meta property=\"og:locale\" content=\"en_US\" \/>\n<meta property=\"og:type\" content=\"article\" \/>\n<meta property=\"og:title\" content=\"Concept - NAFSI BEAUTY THERAPIE\" \/>\n<meta property=\"og:description\" content=\"[vc_section full_width=&#8221;stretch_row&#8221; el_id=&#8221;aboutme&#8221; css=&#8221;.vc_custom_1632589870476{padding-top: 120px !important;background-position: center !important;background-repeat: no-repeat !important;background-size: cover !important;}&#8221;][vc_row css=&#8221;.vc_custom_1632583444096{padding-top: 45px !important;background-position: center !important;background-repeat: no-repeat !important;background-size: cover !important;}&#8221;][vc_column][vc_row_inner el_class=&#8221;contenair&#8221;][vc_column_inner width=&#8221;1\/2&#8243; css=&#8221;.vc_custom_1747839427212{background-image: url(https:\/\/nafsibeautytherapie.fr\/wp-content\/uploads\/2025\/05\/freepik__manequin-fashion-week-ultrafeminine-ultra-beauty-m__43879-scaled.png?id=118908) !important;background-position: center !important;background-repeat: no-repeat !important;background-size: contain !important;}&#8221;][vc_column_text el_id=&#8221;visio&#8221;]ABOUT ME[\/vc_column_text][vc_empty_space height=&#8221;350px&#8221;][\/vc_column_inner][vc_column_inner width=&#8221;1\/2&#8243; css=&#8221;.vc_custom_1632589765980{padding-left: 70px !important;}&#8221;][vc_column_text el_class=&#8221;titlescript&#8221;]Concept [\/vc_column_text][vc_column_text] Enhance your beauty, elevate your excellence [\/vc_column_text][vc_column_text] Nafsi Beauty [&hellip;]\" \/>\n<meta property=\"og:url\" content=\"https:\/\/nafsibeautytherapie.fr\/en\/concept-2\/\" \/>\n<meta property=\"og:site_name\" content=\"NAFSI BEAUTY THERAPIE\" \/>\n<meta property=\"og:image\" content=\"https:\/\/nafsibeautytherapie.fr\/wp-content\/uploads\/2025\/05\/freepik__manequin-fashion-week-ultrafeminine-ultra-beauty-f__43880-scaled.png\" \/>\n<meta name=\"twitter:card\" content=\"summary_large_image\" \/>\n<meta name=\"twitter:label1\" content=\"Est. reading time\" \/>\n\t<meta name=\"twitter:data1\" content=\"3 minutes\" \/>\n<script type=\"application\/ld+json\" class=\"yoast-schema-graph\">{\"@context\":\"https:\/\/schema.org\",\"@graph\":[{\"@type\":\"WebPage\",\"@id\":\"https:\/\/nafsibeautytherapie.fr\/en\/concept-2\/\",\"url\":\"https:\/\/nafsibeautytherapie.fr\/en\/concept-2\/\",\"name\":\"Concept - NAFSI BEAUTY THERAPIE\",\"isPartOf\":{\"@id\":\"https:\/\/nafsibeautytherapie.fr\/en\/#website\"},\"primaryImageOfPage\":{\"@id\":\"https:\/\/nafsibeautytherapie.fr\/en\/concept-2\/#primaryimage\"},\"image\":{\"@id\":\"https:\/\/nafsibeautytherapie.fr\/en\/concept-2\/#primaryimage\"},\"thumbnailUrl\":\"https:\/\/nafsibeautytherapie.fr\/wp-content\/uploads\/2025\/05\/freepik__manequin-fashion-week-ultrafeminine-ultra-beauty-f__43880-scaled.png\",\"datePublished\":\"2025-06-04T15:31:19+00:00\",\"dateModified\":\"2025-06-04T15:31:19+00:00\",\"breadcrumb\":{\"@id\":\"https:\/\/nafsibeautytherapie.fr\/en\/concept-2\/#breadcrumb\"},\"inLanguage\":\"en-US\",\"potentialAction\":[{\"@type\":\"ReadAction\",\"target\":[\"https:\/\/nafsibeautytherapie.fr\/en\/concept-2\/\"]}]},{\"@type\":\"ImageObject\",\"inLanguage\":\"en-US\",\"@id\":\"https:\/\/nafsibeautytherapie.fr\/en\/concept-2\/#primaryimage\",\"url\":\"https:\/\/nafsibeautytherapie.fr\/wp-content\/uploads\/2025\/05\/freepik__manequin-fashion-week-ultrafeminine-ultra-beauty-f__43880-scaled.png\",\"contentUrl\":\"https:\/\/nafsibeautytherapie.fr\/wp-content\/uploads\/2025\/05\/freepik__manequin-fashion-week-ultrafeminine-ultra-beauty-f__43880-scaled.png\"},{\"@type\":\"BreadcrumbList\",\"@id\":\"https:\/\/nafsibeautytherapie.fr\/en\/concept-2\/#breadcrumb\",\"itemListElement\":[{\"@type\":\"ListItem\",\"position\":1,\"name\":\"Accueil\",\"item\":\"https:\/\/nafsibeautytherapie.fr\/en\/\"},{\"@type\":\"ListItem\",\"position\":2,\"name\":\"Concept\"}]},{\"@type\":\"WebSite\",\"@id\":\"https:\/\/nafsibeautytherapie.fr\/en\/#website\",\"url\":\"https:\/\/nafsibeautytherapie.fr\/en\/\",\"name\":\"NAFSI BEAUTY THERAPIE\",\"description\":\"L&#039;excellence sinon rien\",\"potentialAction\":[{\"@type\":\"SearchAction\",\"target\":{\"@type\":\"EntryPoint\",\"urlTemplate\":\"https:\/\/nafsibeautytherapie.fr\/en\/?s={search_term_string}\"},\"query-input\":{\"@type\":\"PropertyValueSpecification\",\"valueRequired\":true,\"valueName\":\"search_term_string\"}}],\"inLanguage\":\"en-US\"}]}<\/script>\n<!-- \/ Yoast SEO plugin. -->","yoast_head_json":{"title":"Concept - NAFSI BEAUTY THERAPIE","robots":{"index":"index","follow":"follow","max-snippet":"max-snippet:-1","max-image-preview":"max-image-preview:large","max-video-preview":"max-video-preview:-1"},"canonical":"https:\/\/nafsibeautytherapie.fr\/en\/concept-2\/","og_locale":"en_US","og_type":"article","og_title":"Concept - NAFSI BEAUTY THERAPIE","og_description":"[vc_section full_width=&#8221;stretch_row&#8221; el_id=&#8221;aboutme&#8221; css=&#8221;.vc_custom_1632589870476{padding-top: 120px !important;background-position: center !important;background-repeat: no-repeat !important;background-size: cover !important;}&#8221;][vc_row css=&#8221;.vc_custom_1632583444096{padding-top: 45px !important;background-position: center !important;background-repeat: no-repeat !important;background-size: cover !important;}&#8221;][vc_column][vc_row_inner el_class=&#8221;contenair&#8221;][vc_column_inner width=&#8221;1\/2&#8243; css=&#8221;.vc_custom_1747839427212{background-image: url(https:\/\/nafsibeautytherapie.fr\/wp-content\/uploads\/2025\/05\/freepik__manequin-fashion-week-ultrafeminine-ultra-beauty-m__43879-scaled.png?id=118908) !important;background-position: center !important;background-repeat: no-repeat !important;background-size: contain !important;}&#8221;][vc_column_text el_id=&#8221;visio&#8221;]ABOUT ME[\/vc_column_text][vc_empty_space height=&#8221;350px&#8221;][\/vc_column_inner][vc_column_inner width=&#8221;1\/2&#8243; css=&#8221;.vc_custom_1632589765980{padding-left: 70px !important;}&#8221;][vc_column_text el_class=&#8221;titlescript&#8221;]Concept [\/vc_column_text][vc_column_text] Enhance your beauty, elevate your excellence [\/vc_column_text][vc_column_text] Nafsi Beauty [&hellip;]","og_url":"https:\/\/nafsibeautytherapie.fr\/en\/concept-2\/","og_site_name":"NAFSI BEAUTY THERAPIE","og_image":[{"url":"https:\/\/nafsibeautytherapie.fr\/wp-content\/uploads\/2025\/05\/freepik__manequin-fashion-week-ultrafeminine-ultra-beauty-f__43880-scaled.png","type":"","width":"","height":""}],"twitter_card":"summary_large_image","twitter_misc":{"Est. reading time":"3 minutes"},"schema":{"@context":"https:\/\/schema.org","@graph":[{"@type":"WebPage","@id":"https:\/\/nafsibeautytherapie.fr\/en\/concept-2\/","url":"https:\/\/nafsibeautytherapie.fr\/en\/concept-2\/","name":"Concept - NAFSI BEAUTY THERAPIE","isPartOf":{"@id":"https:\/\/nafsibeautytherapie.fr\/en\/#website"},"primaryImageOfPage":{"@id":"https:\/\/nafsibeautytherapie.fr\/en\/concept-2\/#primaryimage"},"image":{"@id":"https:\/\/nafsibeautytherapie.fr\/en\/concept-2\/#primaryimage"},"thumbnailUrl":"https:\/\/nafsibeautytherapie.fr\/wp-content\/uploads\/2025\/05\/freepik__manequin-fashion-week-ultrafeminine-ultra-beauty-f__43880-scaled.png","datePublished":"2025-06-04T15:31:19+00:00","dateModified":"2025-06-04T15:31:19+00:00","breadcrumb":{"@id":"https:\/\/nafsibeautytherapie.fr\/en\/concept-2\/#breadcrumb"},"inLanguage":"en-US","potentialAction":[{"@type":"ReadAction","target":["https:\/\/nafsibeautytherapie.fr\/en\/concept-2\/"]}]},{"@type":"ImageObject","inLanguage":"en-US","@id":"https:\/\/nafsibeautytherapie.fr\/en\/concept-2\/#primaryimage","url":"https:\/\/nafsibeautytherapie.fr\/wp-content\/uploads\/2025\/05\/freepik__manequin-fashion-week-ultrafeminine-ultra-beauty-f__43880-scaled.png","contentUrl":"https:\/\/nafsibeautytherapie.fr\/wp-content\/uploads\/2025\/05\/freepik__manequin-fashion-week-ultrafeminine-ultra-beauty-f__43880-scaled.png"},{"@type":"BreadcrumbList","@id":"https:\/\/nafsibeautytherapie.fr\/en\/concept-2\/#breadcrumb","itemListElement":[{"@type":"ListItem","position":1,"name":"Accueil","item":"https:\/\/nafsibeautytherapie.fr\/en\/"},{"@type":"ListItem","position":2,"name":"Concept"}]},{"@type":"WebSite","@id":"https:\/\/nafsibeautytherapie.fr\/en\/#website","url":"https:\/\/nafsibeautytherapie.fr\/en\/","name":"NAFSI BEAUTY THERAPIE","description":"L&#039;excellence sinon rien","potentialAction":[{"@type":"SearchAction","target":{"@type":"EntryPoint","urlTemplate":"https:\/\/nafsibeautytherapie.fr\/en\/?s={search_term_string}"},"query-input":{"@type":"PropertyValueSpecification","valueRequired":true,"valueName":"search_term_string"}}],"inLanguage":"en-US"}]}},"_links":{"self":[{"href":"https:\/\/nafsibeautytherapie.fr\/en\/wp-json\/wp\/v2\/pages\/119085","targetHints":{"allow":["GET"]}}],"collection":[{"href":"https:\/\/nafsibeautytherapie.fr\/en\/wp-json\/wp\/v2\/pages"}],"about":[{"href":"https:\/\/nafsibeautytherapie.fr\/en\/wp-json\/wp\/v2\/types\/page"}],"author":[{"embeddable":true,"href":"https:\/\/nafsibeautytherapie.fr\/en\/wp-json\/wp\/v2\/users\/1"}],"replies":[{"embeddable":true,"href":"https:\/\/nafsibeautytherapie.fr\/en\/wp-json\/wp\/v2\/comments?post=119085"}],"version-history":[{"count":2,"href":"https:\/\/nafsibeautytherapie.fr\/en\/wp-json\/wp\/v2\/pages\/119085\/revisions"}],"predecessor-version":[{"id":119087,"href":"https:\/\/nafsibeautytherapie.fr\/en\/wp-json\/wp\/v2\/pages\/119085\/revisions\/119087"}],"wp:attachment":[{"href":"https:\/\/nafsibeautytherapie.fr\/en\/wp-json\/wp\/v2\/media?parent=119085"}],"curies":[{"name":"wp","href":"https:\/\/api.w.org\/{rel}","templated":true}]}}